{"id":149,"date":"2019-02-24T19:29:28","date_gmt":"2019-02-24T19:29:28","guid":{"rendered":"https:\/\/reitanlage-alte-eichen.de\/?page_id=149"},"modified":"2021-01-24T19:44:11","modified_gmt":"2021-01-24T19:44:11","slug":"ueber-mich","status":"publish","type":"page","link":"https:\/\/reitanlage-alte-eichen.de\/?page_id=149","title":{"rendered":"Reithalle"},"content":{"rendered":"\r\n<p>Die Licht durchflutete, luftige 40x20m gro\u00dfe Reithalle aus L\u00e4rchenholz mit bew\u00e4ssertem Sand-Fliessboden und 20m Spiegel an der kurzen Seite nebst abendlicher tagheller LED Beleuchtung l\u00e4dt stets zum Reiten im angenehmen Mikroklima ein.<\/p>\r\n\r\n\r\n\r\n<figure class=\"wp-block-image size-large\"><img loading=\"lazy\" decoding=\"async\" width=\"1024\" height=\"768\" class=\"wp-image-372\" src=\"https:\/\/reitanlage-alte-eichen.de\/wp-content\/uploads\/2019\/12\/09CF2464-6D79-460A-9D55-FAA423643C6D-1024x768.jpeg\" alt=\"\" srcset=\"https:\/\/reitanlage-alte-eichen.de\/wp-content\/uploads\/2019\/12\/09CF2464-6D79-460A-9D55-FAA423643C6D-1024x768.jpeg 1024w, https:\/\/reitanlage-alte-eichen.de\/wp-content\/uploads\/2019\/12\/09CF2464-6D79-460A-9D55-FAA423643C6D-300x225.jpeg 300w, https:\/\/reitanlage-alte-eichen.de\/wp-content\/uploads\/2019\/12\/09CF2464-6D79-460A-9D55-FAA423643C6D-768x576.jpeg 768w, https:\/\/reitanlage-alte-eichen.de\/wp-content\/uploads\/2019\/12\/09CF2464-6D79-460A-9D55-FAA423643C6D.jpeg 1280w\" sizes=\"auto, (max-width: 767px) 89vw, (max-width: 1000px) 54vw, (max-width: 1071px) 543px, 580px\" \/><\/figure>\r\n\r\n\r\n\r\n<figure class=\"wp-block-gallery columns-3 is-cropped wp-block-gallery-1 is-layout-flex wp-block-gallery-is-layout-flex\">\r\n<ul class=\"blocks-gallery-grid\">\r\n<li class=\"blocks-gallery-item\">\r\n<figure><img loading=\"lazy\" decoding=\"async\" width=\"1024\" height=\"512\" class=\"wp-image-222\" src=\"https:\/\/reitanlage-alte-eichen.de\/wp-content\/uploads\/2019\/03\/751F94A3-32A6-456C-A5FC-85DA1040F849-1024x512.jpeg\" alt=\"\" data-id=\"222\" data-link=\"https:\/\/reitanlage-alte-eichen.de\/?attachment_id=222\" srcset=\"https:\/\/reitanlage-alte-eichen.de\/wp-content\/uploads\/2019\/03\/751F94A3-32A6-456C-A5FC-85DA1040F849-1024x512.jpeg 1024w, https:\/\/reitanlage-alte-eichen.de\/wp-content\/uploads\/2019\/03\/751F94A3-32A6-456C-A5FC-85DA1040F849-300x150.jpeg 300w, https:\/\/reitanlage-alte-eichen.de\/wp-content\/uploads\/2019\/03\/751F94A3-32A6-456C-A5FC-85DA1040F849-768x384.jpeg 768w, https:\/\/reitanlage-alte-eichen.de\/wp-content\/uploads\/2019\/03\/751F94A3-32A6-456C-A5FC-85DA1040F849.jpeg 2000w\" sizes=\"auto, (max-width: 767px) 89vw, (max-width: 1000px) 54vw, (max-width: 1071px) 543px, 580px\" \/><\/figure>\r\n<\/li>\r\n<li class=\"blocks-gallery-item\">\r\n<figure><img loading=\"lazy\" decoding=\"async\" width=\"1024\" height=\"512\" class=\"wp-image-204\" src=\"https:\/\/reitanlage-alte-eichen.de\/wp-content\/uploads\/2019\/03\/4032AD63-94D3-4A6A-8FAA-369545686F96-1024x512.jpeg\" alt=\"\" data-id=\"204\" data-link=\"https:\/\/reitanlage-alte-eichen.de\/?attachment_id=204\" srcset=\"https:\/\/reitanlage-alte-eichen.de\/wp-content\/uploads\/2019\/03\/4032AD63-94D3-4A6A-8FAA-369545686F96-1024x512.jpeg 1024w, https:\/\/reitanlage-alte-eichen.de\/wp-content\/uploads\/2019\/03\/4032AD63-94D3-4A6A-8FAA-369545686F96-300x150.jpeg 300w, https:\/\/reitanlage-alte-eichen.de\/wp-content\/uploads\/2019\/03\/4032AD63-94D3-4A6A-8FAA-369545686F96-768x384.jpeg 768w, https:\/\/reitanlage-alte-eichen.de\/wp-content\/uploads\/2019\/03\/4032AD63-94D3-4A6A-8FAA-369545686F96.jpeg 2000w\" sizes=\"auto, (max-width: 767px) 89vw, (max-width: 1000px) 54vw, (max-width: 1071px) 543px, 580px\" \/><\/figure>\r\n<\/li>\r\n<li class=\"blocks-gallery-item\">\r\n<figure><img loading=\"lazy\" decoding=\"async\" width=\"1024\" height=\"512\" class=\"wp-image-223\" src=\"https:\/\/reitanlage-alte-eichen.de\/wp-content\/uploads\/2019\/03\/F7BE8DF4-0E80-4DA2-8299-826AF0DB14B3-1024x512.jpeg\" alt=\"\" data-id=\"223\" data-link=\"https:\/\/reitanlage-alte-eichen.de\/?attachment_id=223\" srcset=\"https:\/\/reitanlage-alte-eichen.de\/wp-content\/uploads\/2019\/03\/F7BE8DF4-0E80-4DA2-8299-826AF0DB14B3-1024x512.jpeg 1024w, https:\/\/reitanlage-alte-eichen.de\/wp-content\/uploads\/2019\/03\/F7BE8DF4-0E80-4DA2-8299-826AF0DB14B3-300x150.jpeg 300w, https:\/\/reitanlage-alte-eichen.de\/wp-content\/uploads\/2019\/03\/F7BE8DF4-0E80-4DA2-8299-826AF0DB14B3-768x384.jpeg 768w, https:\/\/reitanlage-alte-eichen.de\/wp-content\/uploads\/2019\/03\/F7BE8DF4-0E80-4DA2-8299-826AF0DB14B3.jpeg 2000w\" sizes=\"auto, (max-width: 767px) 89vw, (max-width: 1000px) 54vw, (max-width: 1071px) 543px, 580px\" \/><\/figure>\r\n<\/li>\r\n<\/ul>\r\n<\/figure>\r\n\r\n\r\n\r\n<figure class=\"wp-block-image size-large\"><img loading=\"lazy\" decoding=\"async\" width=\"1024\" height=\"768\" class=\"wp-image-374\" src=\"https:\/\/reitanlage-alte-eichen.de\/wp-content\/uploads\/2019\/12\/B1467979-B2B9-4465-A28C-FC15F70ACD36-1024x768.jpeg\" alt=\"\" srcset=\"https:\/\/reitanlage-alte-eichen.de\/wp-content\/uploads\/2019\/12\/B1467979-B2B9-4465-A28C-FC15F70ACD36-1024x768.jpeg 1024w, https:\/\/reitanlage-alte-eichen.de\/wp-content\/uploads\/2019\/12\/B1467979-B2B9-4465-A28C-FC15F70ACD36-300x225.jpeg 300w, https:\/\/reitanlage-alte-eichen.de\/wp-content\/uploads\/2019\/12\/B1467979-B2B9-4465-A28C-FC15F70ACD36-768x576.jpeg 768w, https:\/\/reitanlage-alte-eichen.de\/wp-content\/uploads\/2019\/12\/B1467979-B2B9-4465-A28C-FC15F70ACD36.jpeg 1280w\" sizes=\"auto, (max-width: 767px) 89vw, (max-width: 1000px) 54vw, (max-width: 1071px) 543px, 580px\" \/><\/figure>\r\n","protected":false},"excerpt":{"rendered":"<p>Die Licht durchflutete, luftige 40x20m gro\u00dfe Reithalle aus L\u00e4rchenholz mit bew\u00e4ssertem Sand-Fliessboden und 20m Spiegel an der kurzen Seite nebst abendlicher tagheller LED Beleuchtung l\u00e4dt stets zum Reiten im angenehmen Mikroklima ein.<\/p>\n","protected":false},"author":1,"featured_media":37,"parent":0,"menu_order":0,"comment_status":"closed","ping_status":"closed","template":"","meta":{"footnotes":""},"class_list":["post-149","page","type-page","status-publish","has-post-thumbnail","hentry"],"_links":{"self":[{"href":"https:\/\/reitanlage-alte-eichen.de\/index.php?rest_route=\/wp\/v2\/pages\/149","targetHints":{"allow":["GET"]}}],"collection":[{"href":"https:\/\/reitanlage-alte-eichen.de\/index.php?rest_route=\/wp\/v2\/pages"}],"about":[{"href":"https:\/\/reitanlage-alte-eichen.de\/index.php?rest_route=\/wp\/v2\/types\/page"}],"author":[{"embeddable":true,"href":"https:\/\/reitanlage-alte-eichen.de\/index.php?rest_route=\/wp\/v2\/users\/1"}],"replies":[{"embeddable":true,"href":"https:\/\/reitanlage-alte-eichen.de\/index.php?rest_route=%2Fwp%2Fv2%2Fcomments&post=149"}],"version-history":[{"count":10,"href":"https:\/\/reitanlage-alte-eichen.de\/index.php?rest_route=\/wp\/v2\/pages\/149\/revisions"}],"predecessor-version":[{"id":439,"href":"https:\/\/reitanlage-alte-eichen.de\/index.php?rest_route=\/wp\/v2\/pages\/149\/revisions\/439"}],"wp:featuredmedia":[{"embeddable":true,"href":"https:\/\/reitanlage-alte-eichen.de\/index.php?rest_route=\/wp\/v2\/media\/37"}],"wp:attachment":[{"href":"https:\/\/reitanlage-alte-eichen.de\/index.php?rest_route=%2Fwp%2Fv2%2Fmedia&parent=149"}],"curies":[{"name":"wp","href":"https:\/\/api.w.org\/{rel}","templated":true}]}}